{"id":541,"date":"2020-12-17T11:30:14","date_gmt":"2020-12-17T10:30:14","guid":{"rendered":"https:\/\/lirainarrasate.com\/reductor\/"},"modified":"2025-04-04T13:55:29","modified_gmt":"2025-04-04T11:55:29","slug":"erreduzitzailea","status":"publish","type":"page","link":"https:\/\/lirainarrasate.com\/eu\/erreduzitzailea\/","title":{"rendered":"Erreduzitzailea"},"content":{"rendered":"\n\n\t\t\t\t\t\t\t\t\t<img decoding=\"async\" src=\"https:\/\/lirainarrasate.com\/wp-content\/uploads\/2020\/12\/simbolo-lirain-estetika-centro-estetica-arrasate-mondragon-gipuzkoa.png\" alt=\"simbolo-lirain-estetika-centro-estetica-arrasate-mondragon-gipuzkoa\" itemprop=\"image\" height=\"130\" width=\"300\" title=\"simbolo-lirain-estetika-centro-estetica-arrasate-mondragon-gipuzkoa\" onerror=\"this.style.display='none'\"  \/>\n<h2>\n\t\tbelleza y salud\n\t<\/h2>\n\t<nav aria-label=\"breadcrumbs\"><p><a href=\"https:\/\/lirainarrasate.com\">Home<\/a> &gt; Reductor<\/p><\/nav><h1>\n\t\tTRATAMIENTOS REDUCTORES\n\t<\/h1>\n\t<p>Los tratamientos reductores ayudan a disminuir el volumen de las zonas del cuerpo que acumulan m\u00e1s grasa, empleando diferentes t\u00e9cnicas.<\/p>\n<p>Para este tipo de tratamientos realizamos un diagn\u00f3stico personalizado dependiendo de sus necesidades y adecuamos un programa espec\u00edfico para cada uno combinando distintas aparatolog\u00edas. Se emplea aparatolog\u00eda diferente para la reducci\u00f3n corporal general o de zonas concretas.<\/p>\n\tLa aparatolog\u00eda que utilizamos para los tratamientos reductores:<br \/>\nCriolipolisis, Lipofit, Zionic, Venus Freeze, VelaShape II y Drenaje Brasile\u00f1o.\n\t\t\t\t\t\t\t\t<a href=\"#criolipolisis\" target=\"_self\" itemprop=\"url\">\n\t\t\t\t\t\t\t\t\t<img decoding=\"async\" src=\"https:\/\/lirainarrasate.com\/wp-content\/uploads\/2020\/12\/Criolipolisis-tratamientos-corporales-circulatorio-lirain-estetika-centro-estetica-arrasate-mondragon-gipuzkoa.jpg\" alt=\"Criolipolisis-tratamientos-corporales-circulatorio-lirain-estetika-centro-estetica-arrasate-mondragon-gipuzkoa\" itemprop=\"image\" height=\"266\" width=\"312\" srcset=\"https:\/\/lirainarrasate.com\/wp-content\/uploads\/2020\/12\/Criolipolisis-tratamientos-corporales-circulatorio-lirain-estetika-centro-estetica-arrasate-mondragon-gipuzkoa.jpg 312w, https:\/\/lirainarrasate.com\/wp-content\/uploads\/2020\/12\/Criolipolisis-tratamientos-corporales-circulatorio-lirain-estetika-centro-estetica-arrasate-mondragon-gipuzkoa-300x256.jpg 300w\" sizes=\"(max-width: 312px) 100vw, 312px\" title=\"Criolipolisis-tratamientos-corporales-circulatorio-lirain-estetika-centro-estetica-arrasate-mondragon-gipuzkoa\" onerror=\"this.style.display='none'\"  \/>\n\t\t\t\t\t\t\t\t\t\t\tCRIOLIPOLISIS\n\t\t\t\t\t\t\t\t\t\t\t\t\t<\/a>\n\t\t\t\t\t\t\t\t<a href=\"#lipofit\" target=\"_self\" itemprop=\"url\">\n\t\t\t\t\t\t\t\t\t<img decoding=\"async\" src=\"https:\/\/lirainarrasate.com\/wp-content\/uploads\/2020\/12\/Lipofit-tratamientos-corporales-circulatorio-lirain-estetika-centro-estetica-arrasate-mondragon-gipuzkoa-1.jpg\" alt=\"Lipofit-tratamientos-corporales-circulatorio-lirain-estetika-centro-estetica-arrasate-mondragon-gipuzkoa\" itemprop=\"image\" height=\"266\" width=\"312\" srcset=\"https:\/\/lirainarrasate.com\/wp-content\/uploads\/2020\/12\/Lipofit-tratamientos-corporales-circulatorio-lirain-estetika-centro-estetica-arrasate-mondragon-gipuzkoa-1.jpg 312w, https:\/\/lirainarrasate.com\/wp-content\/uploads\/2020\/12\/Lipofit-tratamientos-corporales-circulatorio-lirain-estetika-centro-estetica-arrasate-mondragon-gipuzkoa-1-300x256.jpg 300w\" sizes=\"(max-width: 312px) 100vw, 312px\" title=\"Lipofit-tratamientos-corporales-circulatorio-lirain-estetika-centro-estetica-arrasate-mondragon-gipuzkoa\" onerror=\"this.style.display='none'\"  \/>\n\t\t\t\t\t\t\t\t\t\t\tLIPOFIT\n\t\t\t\t\t\t\t\t\t\t\t\t\t<\/a>\n\t\t\t\t\t\t\t\t<a href=\"#zionic\" target=\"_self\" itemprop=\"url\">\n\t\t\t\t\t\t\t\t\t<img decoding=\"async\" src=\"https:\/\/lirainarrasate.com\/wp-content\/uploads\/2020\/12\/zionic-3-tratamientos-corporales-circulatorio-lirain-estetika-centro-estetica-arrasate-mondragon-gipuzkoa.jpg\" alt=\"zionic-3-tratamientos-corporales-circulatorio-lirain-estetika-centro-estetica-arrasate-mondragon-gipuzkoa\" itemprop=\"image\" height=\"266\" width=\"312\" srcset=\"https:\/\/lirainarrasate.com\/wp-content\/uploads\/2020\/12\/zionic-3-tratamientos-corporales-circulatorio-lirain-estetika-centro-estetica-arrasate-mondragon-gipuzkoa.jpg 312w, https:\/\/lirainarrasate.com\/wp-content\/uploads\/2020\/12\/zionic-3-tratamientos-corporales-circulatorio-lirain-estetika-centro-estetica-arrasate-mondragon-gipuzkoa-300x256.jpg 300w\" sizes=\"(max-width: 312px) 100vw, 312px\" title=\"zionic-3-tratamientos-corporales-circulatorio-lirain-estetika-centro-estetica-arrasate-mondragon-gipuzkoa\" onerror=\"this.style.display='none'\"  \/>\n\t\t\t\t\t\t\t\t\t\t\tZIONIC\n\t\t\t\t\t\t\t\t\t\t\t\t\t<\/a>\n\t\t\t\t\t\t\t\t<a href=\"#venus\" target=\"_self\" itemprop=\"url\">\n\t\t\t\t\t\t\t\t\t<img decoding=\"async\" src=\"https:\/\/lirainarrasate.com\/wp-content\/uploads\/2020\/12\/freeze-tratamientos-corporales-circulatorio-lirain-estetika-centro-estetica-arrasate-mondragon-gipuzkoa.jpg\" alt=\"freeze-tratamientos-corporales-circulatorio-lirain-estetika-centro-estetica-arrasate-mondragon-gipuzkoa\" itemprop=\"image\" height=\"266\" width=\"312\" srcset=\"https:\/\/lirainarrasate.com\/wp-content\/uploads\/2020\/12\/freeze-tratamientos-corporales-circulatorio-lirain-estetika-centro-estetica-arrasate-mondragon-gipuzkoa.jpg 312w, https:\/\/lirainarrasate.com\/wp-content\/uploads\/2020\/12\/freeze-tratamientos-corporales-circulatorio-lirain-estetika-centro-estetica-arrasate-mondragon-gipuzkoa-300x256.jpg 300w\" sizes=\"(max-width: 312px) 100vw, 312px\" title=\"freeze-tratamientos-corporales-circulatorio-lirain-estetika-centro-estetica-arrasate-mondragon-gipuzkoa\" onerror=\"this.style.display='none'\"  \/>\n\t\t\t\t\t\t\t\t\t\t\tFREEZE\n\t\t\t\t\t\t\t\t\t\t\t\t\t<\/a>\n\t\t\t\t\t\t\t\t<a href=\"#velashape\" target=\"_self\" itemprop=\"url\">\n\t\t\t\t\t\t\t\t\t<img decoding=\"async\" src=\"https:\/\/lirainarrasate.com\/wp-content\/uploads\/2020\/12\/vela-shape-tratamientos-corporales-circulatorio-lirain-estetika-centro-estetica-arrasate-mondragon-gipuzkoa-2.jpg\" alt=\"vela-shape-tratamientos-corporales-circulatorio-lirain-estetika-centro-estetica-arrasate-mondragon-gipuzkoa\" itemprop=\"image\" height=\"266\" width=\"312\" srcset=\"https:\/\/lirainarrasate.com\/wp-content\/uploads\/2020\/12\/vela-shape-tratamientos-corporales-circulatorio-lirain-estetika-centro-estetica-arrasate-mondragon-gipuzkoa-2.jpg 312w, https:\/\/lirainarrasate.com\/wp-content\/uploads\/2020\/12\/vela-shape-tratamientos-corporales-circulatorio-lirain-estetika-centro-estetica-arrasate-mondragon-gipuzkoa-2-300x256.jpg 300w\" sizes=\"(max-width: 312px) 100vw, 312px\" title=\"vela-shape-tratamientos-corporales-circulatorio-lirain-estetika-centro-estetica-arrasate-mondragon-gipuzkoa\" onerror=\"this.style.display='none'\"  \/>\n\t\t\t\t\t\t\t\t\t\t\tVELASHAPE II\n\t\t\t\t\t\t\t\t\t\t\t\t\t<\/a>\n\t\t\t\t\t\t\t\t<a href=\"#drenajebrasile\u00f1o\" target=\"_self\" itemprop=\"url\">\n\t\t\t\t\t\t\t\t\t<img decoding=\"async\" src=\"https:\/\/lirainarrasate.com\/wp-content\/uploads\/2025\/04\/abdomen.jpg\" alt=\"DRENAJE BRASILE\u00d1O\" itemprop=\"image\" height=\"266\" width=\"312\" srcset=\"https:\/\/lirainarrasate.com\/wp-content\/uploads\/2025\/04\/abdomen.jpg 312w, https:\/\/lirainarrasate.com\/wp-content\/uploads\/2025\/04\/abdomen-300x256.jpg 300w\" sizes=\"(max-width: 312px) 100vw, 312px\" title=\"abdomen\" onerror=\"this.style.display='none'\"  \/>\n\t\t\t\t\t\t\t\t\t\t\tDRENAJE BRASILE\u00d1O\n\t\t\t\t\t\t\t\t\t\t\t\t\t<\/a>\n\t\t\t\t\t\t\t\t<a href=\"#ondasdechoque\" target=\"_self\" itemprop=\"url\">\n\t\t\t\t\t\t\t\t\t<img decoding=\"async\" src=\"https:\/\/lirainarrasate.com\/wp-content\/uploads\/2020\/12\/Ondas-choque-tratamientos-corporales-circulatorio-lirain-estetika-centro-estetica-arrasate-mondragon-gipuzkoa.jpg\" alt=\"Ondas-choque-tratamientos-corporales-circulatorio-lirain-estetika-centro-estetica-arrasate-mondragon-gipuzkoa\" itemprop=\"image\" height=\"266\" width=\"312\" srcset=\"https:\/\/lirainarrasate.com\/wp-content\/uploads\/2020\/12\/Ondas-choque-tratamientos-corporales-circulatorio-lirain-estetika-centro-estetica-arrasate-mondragon-gipuzkoa.jpg 312w, https:\/\/lirainarrasate.com\/wp-content\/uploads\/2020\/12\/Ondas-choque-tratamientos-corporales-circulatorio-lirain-estetika-centro-estetica-arrasate-mondragon-gipuzkoa-300x256.jpg 300w\" sizes=\"(max-width: 312px) 100vw, 312px\" title=\"Ondas-choque-tratamientos-corporales-circulatorio-lirain-estetika-centro-estetica-arrasate-mondragon-gipuzkoa\" onerror=\"this.style.display='none'\"  \/>\n\t\t\t\t\t\t\t\t\t\t\tONDAS DE CHOQUE\n\t\t\t\t\t\t\t\t\t\t\t\t\t<\/a>\n<h2>\n\t\tCAVITACI\u00d3N\n\t<\/h2>\n\t\t\t\t\t\t\t\t\t<img decoding=\"async\" src=\"https:\/\/lirainarrasate.com\/wp-content\/uploads\/2020\/12\/cavitacion-2-tratamientos-corporales-circulatorio-lirain-estetika-centro-estetica-arrasate-mondragon-gipuzkoa.jpg\" alt=\"cavitacion-2-tratamientos-corporales-circulatorio-lirain-estetika-centro-estetica-arrasate-mondragon-gipuzkoa\" itemprop=\"image\" height=\"423\" width=\"855\" srcset=\"https:\/\/lirainarrasate.com\/wp-content\/uploads\/2020\/12\/cavitacion-2-tratamientos-corporales-circulatorio-lirain-estetika-centro-estetica-arrasate-mondragon-gipuzkoa.jpg 855w, https:\/\/lirainarrasate.com\/wp-content\/uploads\/2020\/12\/cavitacion-2-tratamientos-corporales-circulatorio-lirain-estetika-centro-estetica-arrasate-mondragon-gipuzkoa-300x148.jpg 300w, https:\/\/lirainarrasate.com\/wp-content\/uploads\/2020\/12\/cavitacion-2-tratamientos-corporales-circulatorio-lirain-estetika-centro-estetica-arrasate-mondragon-gipuzkoa-768x380.jpg 768w\" sizes=\"(max-width: 855px) 100vw, 855px\" title=\"cavitacion-2-tratamientos-corporales-circulatorio-lirain-estetika-centro-estetica-arrasate-mondragon-gipuzkoa\" onerror=\"this.style.display='none'\"  \/>\n\t<p>La cavitaci&oacute;n es una t&eacute;cnica no invasiva para eliminar la grasa localizada mediante el uso de ultrasonidos de baja frecuencia, que se aplican sobre la zona donde se concentra la grasa para disolver las c&eacute;lulas adiposas desde su interior.<\/p>\n\t<p>Este tratamiento normalmente va acompa\u00f1ado de un drenaje linf\u00e1tico para favorecer la eliminaci\u00f3n de todos esos n\u00f3dulos de grasa disueltos, por ello en la misma sesi\u00f3n se trabaja con la cavitaci\u00f3n y seguidamente la presoterapia, obteniendo resultados m\u00e1s r\u00e1pidos.<\/p>\n\t<p>INDOLORA<\/p>\n\t<p>EFECTO REDUCTOR <\/p>\n\t<p>MEJORA LA CELULITIS<\/p>\n<h2>\n\t\tCRIOLIPOLISIS COOLTECH\n\t<\/h2>\n\t<iframe allowfullscreen allow=\"autoplay\" data-src=\"https:\/\/www.youtube.com\/embed\/Y8bHOcdm73g?feature=oembed&amp;start&amp;end&amp;wmode=opaque&amp;loop=0&amp;controls=1&amp;mute=0&amp;rel=0&amp;modestbranding=0\"><\/iframe>\t\t\n\t\t\t\t\tPlay Video\n\t<p>Tratamiento no invasivo, para la eliminaci\u00f3n de c\u00e9lulas grasas bajando su temperatura hasta -8 grados, para que se descompongan y sean eliminadas por el propio organismo, sin da\u00f1ar al resto de c\u00e9lulas de la piel.<\/p>\n\t<p>Se trata de un tratamiento efectivo, localizado para eliminar grasa localizada y concentrada en alguna parte de nuestro cuerpo, por lo que tambi\u00e9n es conocida como liposucci\u00f3n sin cirug\u00eda. Se puede reducir hasta 9 cent\u00edmetros de contorno.<\/p>\n\t<p>ELIMINA GRASA DE ZONAS LOCALIZADAS<\/p>\n\t<p> ELIMINA LAS CARTUCHERAS<\/p>\n\t<p>REDUCE VISIBLEMENTE ABDOMEN Y FLANCOS<\/p>\n<h2>\n\t\tLIPOFIT TAC III\n\t<\/h2>\n\t\t\t\t\t\t\t\t\t<img decoding=\"async\" src=\"https:\/\/lirainarrasate.com\/wp-content\/uploads\/2020\/12\/Lipofit-2-tratamientos-corporales-circulatorio-lirain-estetika-centro-estetica-arrasate-mondragon-gipuzkoa-1.jpg\" alt=\"Lipofit-2-tratamientos-corporales-circulatorio-lirain-estetika-centro-estetica-arrasate-mondragon-gipuzkoa\" itemprop=\"image\" height=\"423\" width=\"855\" srcset=\"https:\/\/lirainarrasate.com\/wp-content\/uploads\/2020\/12\/Lipofit-2-tratamientos-corporales-circulatorio-lirain-estetika-centro-estetica-arrasate-mondragon-gipuzkoa-1.jpg 855w, https:\/\/lirainarrasate.com\/wp-content\/uploads\/2020\/12\/Lipofit-2-tratamientos-corporales-circulatorio-lirain-estetika-centro-estetica-arrasate-mondragon-gipuzkoa-1-300x148.jpg 300w, https:\/\/lirainarrasate.com\/wp-content\/uploads\/2020\/12\/Lipofit-2-tratamientos-corporales-circulatorio-lirain-estetika-centro-estetica-arrasate-mondragon-gipuzkoa-1-768x380.jpg 768w\" sizes=\"(max-width: 855px) 100vw, 855px\" title=\"Lipofit-2-tratamientos-corporales-circulatorio-lirain-estetika-centro-estetica-arrasate-mondragon-gipuzkoa\" onerror=\"this.style.display='none'\"  \/>\n\t<p>LIPOFIT TAC es un tratamiento est\u00e9tico para reducir la grasa y mejorar la corriente sangu\u00ednea.<\/p>\n\t<p>Consiste en una termo activaci\u00f3n controlada por medio de ondas infrarrojas de bajo espectro, que penetran en la piel destruyendo y  disociando las capas de grasa acumulada y es el propio cuerpo el que las elimina naturalmente.<\/p>\nLos beneficios del lipofit son varios:<br \/>\nActiva el metabolismo, suprime la grasa subcut\u00e1nea reduciendo el volumen corporal, mejora la circulaci\u00f3n sangu\u00ednea, elimina la celulitis, mejora las varices.\n\t<p>SUPRIME LA GRASA GENERALIZADA<\/p>\n\t<p>ELIMINA CELULITIS <\/p>\n\t<p>MEJORA CIRCULACI\u00d3N Y DETOXIFICA<\/p>\n\tMEJORA EL ASPECTO<br \/>\nDE LA PIEL\n<h2>\n\t\tZIONIC\n\t<\/h2>\n\t<iframe allowfullscreen allow=\"autoplay\" data-src=\"https:\/\/www.youtube.com\/embed\/4p1ZrFF888c?feature=oembed&amp;start&amp;end&amp;wmode=opaque&amp;loop=0&amp;controls=1&amp;mute=0&amp;rel=0&amp;modestbranding=0\"><\/iframe>\t\t\n\t\t\t\t\tPlay Video\n\t<p>Combinaci\u00f3n de tecnolog\u00edas avanzadas de masaje activo y radiofrecuencia con el fin de ejercer una acci\u00f3n m\u00e1s profunda y reactivar los procesos metab\u00f3licos. <\/p>\n\t<p>Su forma recuerda a la de una medusa y sus tent\u00e1culos son los rodillos utilizados para realizar el masaje activo.<\/p>\n<p>Su uso  consigue estimular el tejido muscular y d\u00e9rmico en profundidad en la zona tratada y activar los procesos fisiol\u00f3gicos de recuperaci\u00f3n del tejido.<\/p>\n<p>Garantiza resultados r\u00e1pidos y de m\u00e1xima efectividad en la remodelaci\u00f3n corporal y la tonificaci\u00f3n muscular.<\/p>\n\t<p>ELIMINA LA CELULITIS EN TIEMPO RECORD<\/p>\n\t<p>REAFIRMA<\/p>\n\t<p>EFECTO REDUCTOR<\/p>\n<h2>\n\t\tLIPOSONIX\n\t<\/h2>\n\t\t\t\t\t\t\t\t\t<img decoding=\"async\" src=\"https:\/\/lirainarrasate.com\/wp-content\/uploads\/2020\/12\/Liposonix-2-tratamientos-corporales-circulatorio-lirain-estetika-centro-estetica-arrasate-mondragon-gipuzkoa.jpg\" alt=\"Liposonix-2-tratamientos-corporales-circulatorio-lirain-estetika-centro-estetica-arrasate-mondragon-gipuzkoa\" itemprop=\"image\" height=\"423\" width=\"855\" srcset=\"https:\/\/lirainarrasate.com\/wp-content\/uploads\/2020\/12\/Liposonix-2-tratamientos-corporales-circulatorio-lirain-estetika-centro-estetica-arrasate-mondragon-gipuzkoa.jpg 855w, https:\/\/lirainarrasate.com\/wp-content\/uploads\/2020\/12\/Liposonix-2-tratamientos-corporales-circulatorio-lirain-estetika-centro-estetica-arrasate-mondragon-gipuzkoa-300x148.jpg 300w, https:\/\/lirainarrasate.com\/wp-content\/uploads\/2020\/12\/Liposonix-2-tratamientos-corporales-circulatorio-lirain-estetika-centro-estetica-arrasate-mondragon-gipuzkoa-768x380.jpg 768w\" sizes=\"(max-width: 855px) 100vw, 855px\" title=\"Liposonix-2-tratamientos-corporales-circulatorio-lirain-estetika-centro-estetica-arrasate-mondragon-gipuzkoa\" onerror=\"this.style.display='none'\"  \/>\n\t<p>Liposonix se puede describir perfectamente como una liposucci\u00f3n sin cirug\u00eda. <\/p>\n\t<p>Se trata de un m\u00e9todo no invasivo que permite eliminar los dep\u00f3sitos de grasa sin ning\u00fan tipo de esfuerzo, a trav\u00e9s de unas ondas ultras\u00f3nicas de hasta 30W de potencia.<\/p>\n<p>Durante el tratamiento, el sistema rompe estructuras de fibras conectivas de grasas como las de la celulitis o los adipocitos (tejido adiposo),y esa grasa la elimina el cuerpo naturalmente.<\/p>\n\t<p>REDUCE LA CELULITIS<\/p>\n\t<p>MODELAR EL CONTORNO CORPORAL <\/p>\n\t<p>ELIMINA GRASA LOCALIZADA<\/p>\n<h2>\n\t\tVENUS FREEZE\n\t<\/h2>\n\t\t\t\t\t\t\t\t\t<img decoding=\"async\" src=\"https:\/\/lirainarrasate.com\/wp-content\/uploads\/2021\/05\/freeze-2-tratamientos-corporales-.jpg\" alt=\"freeze-2-tratamientos-corporales\" itemprop=\"image\" height=\"423\" width=\"855\" srcset=\"https:\/\/lirainarrasate.com\/wp-content\/uploads\/2021\/05\/freeze-2-tratamientos-corporales-.jpg 855w, https:\/\/lirainarrasate.com\/wp-content\/uploads\/2021\/05\/freeze-2-tratamientos-corporales--300x148.jpg 300w, https:\/\/lirainarrasate.com\/wp-content\/uploads\/2021\/05\/freeze-2-tratamientos-corporales--768x380.jpg 768w\" sizes=\"(max-width: 855px) 100vw, 855px\" title=\"freeze-2-tratamientos-corporales-\" onerror=\"this.style.display='none'\"  \/>\n\tUna combinaci\u00f3n de radiofrecuencia multipolar y campos electromagn\u00e9ticos pulsados.<br \/>\nSu longitud de onda permite llegar hasta las capas m\u00e1s profundas de la piel para conseguir unos resultados inmejorables.\n\t<p>Trabajamos siguiendo la direcci\u00f3n de los m\u00fasculos en sentido ascendente. Se genera un calor profundo que  redibuja el contorno, reafirma, remodela y elimina grasa de manera indolora.<\/p>\n<p>Esta tecnolog\u00eda permite, por un lado, tensar la piel, estimular la producci\u00f3n de col\u00e1geno y reducir el volumen corporal y la celulitis. Por otro, activar la circulaci\u00f3n sangu\u00ednea contribuyendo al drenaje de sustancias de deshecho.<\/p>\n<p>Remodela y hace que la piel aparece m\u00e1s tersa, compacta y lisa. <\/p>\n\t<p>REDUCE CONTORNO<\/p>\n\t<p>REAFIRMA<\/p>\n\t<p>ATACA A LA CELULITIS<\/p>\n\t<p>MEJORA EL ASPECTO DE LA PIEL<\/p>\n<h2>\n\t\tVELASHAPE II\n\t<\/h2>\n\t<iframe allowfullscreen allow=\"autoplay\" data-src=\"https:\/\/www.youtube.com\/embed\/bkhn7ngtdQA?feature=oembed&amp;start&amp;end&amp;wmode=opaque&amp;loop=0&amp;controls=1&amp;mute=0&amp;rel=0&amp;modestbranding=0\"><\/iframe>\t\t\n\t\t\t\t\tPlay Video\n\t<p>Velashape II consiste en la combinaci\u00f3n de  cuatro tecnolog\u00edas: L\u00e1ser infrarrojo, Radiofrecuencia, Masaje de rodillo y Vacumterapia. <\/p>\n\t<p>De este manera, se consiguen calentar las c\u00e9lulas grasas, los tabiques fibrosos circundantes y las fibras d\u00e9rmicas, favoreciendo la circulaci\u00f3n, el drenaje linf\u00e1tico, el metabolismo celular.  Y con todo ello se reduce la celulitis en la zona tratada, como las adiposidades localizadas, consiguiendo una remodelaci\u00f3n corporal.<\/p>\n\t<p>REDUCE LA CELULITIS DE LA ZONA TRATAD<\/p>\n\t<p>REDUCE ADIPOSIDADES LOCALIZADAS<\/p>\n\t<p>EFECTO DRENANTE<\/p>\n\t<p>SOLICITA TU DIAGN\u00d3STICO <strong>GRATUITO<\/strong><\/p>\n\tLl\u00e1manos al <strong>943 79 52 17<\/strong><br \/>\ny solicita cita previa.\nRealizamos un diagn\u00f3stico personalizado<br \/>\npara cualquier tipo de tratamiento.\n\n","protected":false},"excerpt":{"rendered":"<p>belleza y salud Home &gt; Reductor TRATAMIENTOS REDUCTORES Los tratamientos reductores ayudan a disminuir el volumen de las zonas del cuerpo que acumulan m\u00e1s grasa, empleando diferentes t\u00e9cnicas. Para este tipo de tratamientos realizamos un diagn\u00f3stico personalizado dependiendo de sus necesidades y adecuamos un programa espec\u00edfico para cada uno combinando distintas aparatolog\u00edas. Se emplea aparatolog\u00eda&hellip;<\/p>\n","protected":false},"author":2,"featured_media":0,"parent":0,"menu_order":0,"comment_status":"closed","ping_status":"closed","template":"","meta":{"footnotes":""},"class_list":["post-541","page","type-page","status-publish","hentry"],"_links":{"self":[{"href":"https:\/\/lirainarrasate.com\/eu\/wp-json\/wp\/v2\/pages\/541","targetHints":{"allow":["GET"]}}],"collection":[{"href":"https:\/\/lirainarrasate.com\/eu\/wp-json\/wp\/v2\/pages"}],"about":[{"href":"https:\/\/lirainarrasate.com\/eu\/wp-json\/wp\/v2\/types\/page"}],"author":[{"embeddable":true,"href":"https:\/\/lirainarrasate.com\/eu\/wp-json\/wp\/v2\/users\/2"}],"replies":[{"embeddable":true,"href":"https:\/\/lirainarrasate.com\/eu\/wp-json\/wp\/v2\/comments?post=541"}],"version-history":[{"count":0,"href":"https:\/\/lirainarrasate.com\/eu\/wp-json\/wp\/v2\/pages\/541\/revisions"}],"wp:attachment":[{"href":"https:\/\/lirainarrasate.com\/eu\/wp-json\/wp\/v2\/media?parent=541"}],"curies":[{"name":"wp","href":"https:\/\/api.w.org\/{rel}","templated":true}]}}